{"id":177,"date":"2023-11-24T17:17:46","date_gmt":"2023-11-24T17:17:46","guid":{"rendered":"https:\/\/floridahypno.com\/?page_id=177"},"modified":"2024-08-18T21:11:02","modified_gmt":"2024-08-18T20:11:02","slug":"177-2","status":"publish","type":"page","link":"https:\/\/floridahypno.com\/de\/177-2\/","title":{"rendered":"Booking"},"content":{"rendered":"<p>[et_pb_section fb_built=&#8220;1&#8243; admin_label=&#8220;Header&#8220; module_id=&#8220;go-booking&#8220; _builder_version=&#8220;4.23.1&#8243; background_color=&#8220;RGBA(255,255,255,0)&#8220; use_background_color_gradient=&#8220;on&#8220; background_color_gradient_stops=&#8220;rgba(173,196,216,0) 0%|rgba(135,196,186,0.65) 100%&#8220; background_enable_image=&#8220;off&#8220; parallax=&#8220;on&#8220; background_enable_video_mp4=&#8220;off&#8220; background_video_pause_outside_viewport=&#8220;off&#8220; global_colors_info=&#8220;{}&#8220;][et_pb_row _builder_version=&#8220;4.27.0&#8243; _module_preset=&#8220;default&#8220; global_colors_info=&#8220;{}&#8220;][et_pb_column type=&#8220;4_4&#8243; _builder_version=&#8220;4.27.0&#8243; _module_preset=&#8220;default&#8220; global_colors_info=&#8220;{}&#8220;][et_pb_text _builder_version=&#8220;4.27.0&#8243; _module_preset=&#8220;default&#8220; header_2_font=&#8220;||||||||&#8220; header_2_text_color=&#8220;#1D5254&#8243; header_2_font_size=&#8220;53px&#8220; width=&#8220;80%&#8220; width_tablet=&#8220;80%&#8220; width_phone=&#8220;100%&#8220; width_last_edited=&#8220;on|phone&#8220; module_alignment=&#8220;center&#8220; custom_margin=&#8220;|||||true&#8220; custom_padding=&#8220;|25px||25px|false|true&#8220; custom_padding_tablet=&#8220;|0px||0px|false|true&#8220; custom_padding_phone=&#8220;|0px||0px|false|true&#8220; custom_padding_last_edited=&#8220;on|phone&#8220; global_colors_info=&#8220;{}&#8220;]<\/p>\n<h2>Buchen Sie Ihre kostenfreie 30-min\u00fctige Beratung<\/h2>\n<p>Machen Sie den ersten Schritt zu positiver Ver\u00e4nderung, indem Sie eine kostenfreie 30-min\u00fctige Beratung mit uns buchen. W\u00e4hrend dieses Gespr\u00e4chs besprechen wir Ihre Ziele, beantworten Ihre Fragen und ermitteln, wie unsere Dienstleistungen Sie am besten unterst\u00fctzen k\u00f6nnen. Diese Beratung ist vollkommen unverbindlich und kostenfrei. W\u00e4hlen Sie einfach unten einen passenden Termin aus, und wir k\u00fcmmern uns um den Rest.<\/p>\n<p>[\/et_pb_text][et_pb_code _builder_version=&#8220;4.27.0&#8243; _module_preset=&#8220;default&#8220; hover_enabled=&#8220;0&#8243; global_colors_info=&#8220;{}&#8220; sticky_enabled=&#8220;0&#8243;]<!-- Calendly inline widget begin --><!-- [et_pb_line_break_holder] --><\/p>\n<div class=\"calendly-inline-widget\" data-url=\"https:\/\/calendly.com\/floridahypno-info\/book-your-free-30-minute-consultation-clone?primary_color=378a82\" style=\"min-width:320px;height:700px;\"><\/div>\n<p><!-- [et_pb_line_break_holder] --><script type=\"text\/javascript\" src=\"https:\/\/assets.calendly.com\/assets\/external\/widget.js\" async><\/script><!-- [et_pb_line_break_holder] --><!-- Calendly inline widget end -->[\/et_pb_code][\/et_pb_column][\/et_pb_row][\/et_pb_section]<\/p>\n","protected":false},"excerpt":{"rendered":"<p>Buchen Sie Ihre kostenfreie 30-min\u00fctige Beratung Machen Sie den ersten Schritt zu positiver Ver\u00e4nderung, indem Sie eine kostenfreie 30-min\u00fctige Beratung mit uns buchen. W\u00e4hrend dieses Gespr\u00e4chs besprechen wir Ihre Ziele, beantworten Ihre Fragen und ermitteln, wie unsere Dienstleistungen Sie am besten unterst\u00fctzen k\u00f6nnen. Diese Beratung ist vollkommen unverbindlich und kostenfrei. W\u00e4hlen Sie einfach unten einen passenden Termin aus, und wir k\u00fcmmern uns um den Rest.<\/p>\n","protected":false},"author":1,"featured_media":0,"parent":0,"menu_order":0,"comment_status":"closed","ping_status":"closed","template":"","meta":{"_et_pb_use_builder":"on","_et_pb_old_content":"","_et_gb_content_width":"","_monsterinsights_skip_tracking":false,"_monsterinsights_sitenote_active":false,"_monsterinsights_sitenote_note":"","_monsterinsights_sitenote_category":0,"footnotes":""},"class_list":["post-177","page","type-page","status-publish","hentry"],"_links":{"self":[{"href":"https:\/\/floridahypno.com\/de\/wp-json\/wp\/v2\/pages\/177","targetHints":{"allow":["GET"]}}],"collection":[{"href":"https:\/\/floridahypno.com\/de\/wp-json\/wp\/v2\/pages"}],"about":[{"href":"https:\/\/floridahypno.com\/de\/wp-json\/wp\/v2\/types\/page"}],"author":[{"embeddable":true,"href":"https:\/\/floridahypno.com\/de\/wp-json\/wp\/v2\/users\/1"}],"replies":[{"embeddable":true,"href":"https:\/\/floridahypno.com\/de\/wp-json\/wp\/v2\/comments?post=177"}],"version-history":[{"count":18,"href":"https:\/\/floridahypno.com\/de\/wp-json\/wp\/v2\/pages\/177\/revisions"}],"predecessor-version":[{"id":72177,"href":"https:\/\/floridahypno.com\/de\/wp-json\/wp\/v2\/pages\/177\/revisions\/72177"}],"wp:attachment":[{"href":"https:\/\/floridahypno.com\/de\/wp-json\/wp\/v2\/media?parent=177"}],"curies":[{"name":"wp","href":"https:\/\/api.w.org\/{rel}","templated":true}]}}