{"id":71987,"date":"2024-01-10T15:32:11","date_gmt":"2024-01-10T15:32:11","guid":{"rendered":"https:\/\/floridahypno.com\/datenschutzbestimmungen\/"},"modified":"2024-07-26T15:02:57","modified_gmt":"2024-07-26T14:02:57","slug":"datenschutzbestimmungen","status":"publish","type":"page","link":"https:\/\/floridahypno.com\/de\/datenschutzbestimmungen\/","title":{"rendered":"Datenschutzbestimmungen"},"content":{"rendered":"<p>[et_pb_section fb_built=&#8220;1&#8243; theme_builder_area=&#8220;post_content&#8220; _builder_version=&#8220;4.23.4&#8243; _module_preset=&#8220;default&#8220;][et_pb_row _builder_version=&#8220;4.23.4&#8243; _module_preset=&#8220;default&#8220; theme_builder_area=&#8220;post_content&#8220;][et_pb_column _builder_version=&#8220;4.23.4&#8243; _module_preset=&#8220;default&#8220; type=&#8220;4_4&#8243; theme_builder_area=&#8220;post_content&#8220;][et_pb_text _builder_version=&#8220;4.23.4&#8243; _module_preset=&#8220;default&#8220; theme_builder_area=&#8220;post_content&#8220; hover_enabled=&#8220;0&#8243; sticky_enabled=&#8220;0&#8243;]<\/p>\n<div data-v-11b4eedd=\"\" data-v-164ff72a=\"\" class=\"results__agreement-preview\">\n<h4>Datenschutzbestimmungen<\/h4>\n<p>Die Website www.floridahypno.com ist Eigentum von Floridahypno, der f\u00fcr die Verarbeitung Ihrer personenbezogenen Daten verantwortlich ist.<\/p>\n<p>Wir haben diese Datenschutzrichtlinie angenommen, die festlegt, wie wir die von www.floridahypno.com gesammelten Informationen verarbeiten, und die auch die Gr\u00fcnde angibt, warum wir bestimmte pers\u00f6nliche Daten \u00fcber Sie sammeln m\u00fcssen. Daher m\u00fcssen Sie diese Datenschutzrichtlinie lesen, bevor Sie die Website www.floridahypno.com nutzen.<\/p>\n<p>Wir k\u00fcmmern uns um Ihre pers\u00f6nlichen Daten und verpflichten uns, deren Vertraulichkeit und Sicherheit zu gew\u00e4hrleisten.<\/p>\n<h4>Pers\u00f6nliche Informationen, die wir sammeln:<\/h4>\n<p>Wenn Sie die Website www.floridahypno.com besuchen, erfassen wir automatisch bestimmte Informationen \u00fcber Ihr Ger\u00e4t, einschlie\u00dflich Informationen \u00fcber Ihren Webbrowser, Ihre IP-Adresse, Ihre Zeitzone und einige der auf Ihrem Ger\u00e4t installierten Cookies. Wenn Sie auf der Website surfen, sammeln wir au\u00dferdem Informationen \u00fcber die einzelnen Webseiten oder Produkte, die Sie sich ansehen, welche Websites oder Suchbegriffe Sie auf die Website verwiesen haben und wie Sie mit der Website interagieren. Wir bezeichnen diese automatisch gesammelten Informationen als &#8222;Ger\u00e4teinformationen&#8220;. Dar\u00fcber hinaus k\u00f6nnen wir die pers\u00f6nlichen Daten, die Sie uns bei der Registrierung zur Verf\u00fcgung stellen (einschlie\u00dflich, aber nicht beschr\u00e4nkt auf Name, Nachname, Adresse, Zahlungsinformationen usw.), sammeln, um den Vertrag erf\u00fcllen zu k\u00f6nnen.<\/p>\n<h4>Warum verarbeiten wir Ihre Daten?<\/h4>\n<p>Die Sicherheit der Kundendaten hat f\u00fcr uns oberste Priorit\u00e4t. Daher d\u00fcrfen wir nur ein Minimum an Nutzerdaten verarbeiten, n\u00e4mlich nur so viel, wie f\u00fcr die Aufrechterhaltung der Website unbedingt erforderlich ist. Automatisch gesammelte Informationen werden nur verwendet, um m\u00f6gliche Missbrauchsf\u00e4lle zu erkennen und statistische Informationen \u00fcber die Nutzung der Website zu erstellen. Diese statistischen Informationen werden nicht in einer Weise zusammengefasst, dass sie einen bestimmten Nutzer des Systems identifizieren w\u00fcrden.<\/p>\n<p>Sie k\u00f6nnen die Website besuchen, ohne uns mitzuteilen, wer Sie sind, oder Informationen preiszugeben, durch die jemand Sie als eine bestimmte, identifizierbare Person identifizieren k\u00f6nnte. Wenn Sie jedoch einige Funktionen der Website nutzen, unseren Newsletter erhalten oder andere Angaben in einem Formular machen m\u00f6chten, k\u00f6nnen Sie uns personenbezogene Daten zur Verf\u00fcgung stellen, z. B. Ihre E-Mail-Adresse, Ihren Vornamen, Ihren Nachnamen, Ihren Wohnort, Ihre Organisation und Ihre Telefonnummer. Sie k\u00f6nnen sich daf\u00fcr entscheiden, uns Ihre pers\u00f6nlichen Daten nicht mitzuteilen, aber dann k\u00f6nnen Sie m\u00f6glicherweise einige Funktionen der Website nicht nutzen. So k\u00f6nnen Sie z. B. unseren Newsletter nicht mehr erhalten oder uns direkt \u00fcber die Website kontaktieren. Nutzer, die sich nicht sicher sind, welche Informationen obligatorisch sind, k\u00f6nnen uns gerne \u00fcber info@floridahypno.com kontaktieren.<\/p>\n<h4>Ihre Rechte:<\/h4>\n<p>Wenn Sie in Europa ans\u00e4ssig sind, haben Sie die folgenden Rechte in Bezug auf Ihre personenbezogenen Daten:<\/p>\n<ul>\n<li>Das Recht, informiert zu werden.<\/li>\n<li>Das Recht auf Zugang.<\/li>\n<li>Das Recht auf Berichtigung.<\/li>\n<li>Das Recht auf L\u00f6schung.<\/li>\n<li>Das Recht auf Einschr\u00e4nkung der Verarbeitung.<\/li>\n<li>Das Recht auf Daten\u00fcbertragbarkeit.<\/li>\n<li>Das Recht auf Widerspruch.<\/li>\n<li>Rechte im Zusammenhang mit der automatisierten Entscheidungsfindung und dem Profiling.<\/li>\n<\/ul>\n<p>Wenn Sie von diesem Recht Gebrauch machen m\u00f6chten, setzen Sie sich bitte \u00fcber die unten stehenden Kontaktinformationen mit uns in Verbindung.<\/p>\n<p>Wenn Sie in Europa ans\u00e4ssig sind, stellen wir au\u00dferdem fest, dass wir Ihre Daten verarbeiten, um Vertr\u00e4ge zu erf\u00fcllen, die wir mit Ihnen geschlossen haben (z. B. wenn Sie eine Bestellung \u00fcber die Website aufgeben), oder um unsere oben aufgef\u00fchrten legitimen Gesch\u00e4ftsinteressen zu verfolgen. Bitte beachten Sie au\u00dferdem, dass Ihre Daten m\u00f6glicherweise au\u00dferhalb Europas, einschlie\u00dflich Kanada und den Vereinigten Staaten, \u00fcbermittelt werden.<\/p>\n<h4>Links zu anderen Websites:<\/h4>\n<p>Unsere Website kann Links zu anderen Websites enthalten, die nicht in unserem Besitz sind oder von uns kontrolliert werden. Bitte beachten Sie, dass wir nicht f\u00fcr die Datenschutzpraktiken dieser anderen Websites oder Dritter verantwortlich sind. Wir empfehlen Ihnen, beim Verlassen unserer Website die Datenschutzerkl\u00e4rungen aller Websites zu lesen, die personenbezogene Daten erfassen.<\/p>\n<h4>Informationssicherheit:<\/h4>\n<p>Wir sichern die von Ihnen zur Verf\u00fcgung gestellten Informationen auf Computerservern in einer kontrollierten, sicheren Umgebung, die vor unbefugtem Zugriff, Verwendung oder Offenlegung gesch\u00fctzt ist. Wir treffen angemessene administrative, technische und physische Sicherheitsvorkehrungen zum Schutz vor unbefugtem Zugriff, unbefugter Nutzung, unbefugter \u00c4nderung und unbefugter Offenlegung personenbezogener Daten, die wir kontrollieren und aufbewahren. Eine Daten\u00fcbertragung \u00fcber das Internet oder ein drahtloses Netz kann jedoch nicht garantiert werden.<\/p>\n<h4>Rechtliche Offenlegung:<\/h4>\n<p>Wir werden alle Informationen, die wir sammeln, verwenden oder erhalten, offenlegen, wenn dies gesetzlich vorgeschrieben oder erlaubt ist, z. B. um einer Vorladung oder einem \u00e4hnlichen rechtlichen Verfahren nachzukommen, und wenn wir in gutem Glauben davon ausgehen, dass die Offenlegung notwendig ist, um unsere Rechte zu sch\u00fctzen, Ihre Sicherheit oder die Sicherheit anderer zu sch\u00fctzen, Betrug zu untersuchen oder auf eine beh\u00f6rdliche Anfrage zu reagieren.<\/p>\n<h4>Kontaktinformationen:<\/h4>\n<p>Wenn Sie sich mit uns in Verbindung setzen m\u00f6chten, um mehr \u00fcber diese Richtlinie zu erfahren, oder wenn Sie uns in einer Angelegenheit kontaktieren m\u00f6chten, die Ihre pers\u00f6nlichen Rechte und Ihre pers\u00f6nlichen Daten betrifft, k\u00f6nnen Sie eine E-Mail an info@floridahypno.com senden.<\/p>\n<\/div>\n<p>[\/et_pb_text][\/et_pb_column][\/et_pb_row][\/et_pb_section]<\/p>\n","protected":false},"excerpt":{"rendered":"<p>Datenschutzbestimmungen Die Website www.floridahypno.com ist Eigentum von Floridahypno, der f\u00fcr die Verarbeitung Ihrer personenbezogenen Daten verantwortlich ist. Wir haben diese Datenschutzrichtlinie angenommen, die festlegt, wie wir die von www.floridahypno.com gesammelten Informationen verarbeiten, und die auch die Gr\u00fcnde angibt, warum wir bestimmte pers\u00f6nliche Daten \u00fcber Sie sammeln m\u00fcssen. Daher m\u00fcssen Sie diese Datenschutzrichtlinie lesen, bevor Sie die Website www.floridahypno.com nutzen. Wir k\u00fcmmern uns um Ihre pers\u00f6nlichen Daten und verpflichten uns, deren Vertraulichkeit und Sicherheit zu gew\u00e4hrleisten. Pers\u00f6nliche Informationen, die wir sammeln: Wenn Sie die Website www.floridahypno.com besuchen, erfassen wir automatisch bestimmte Informationen \u00fcber Ihr Ger\u00e4t, einschlie\u00dflich Informationen \u00fcber Ihren Webbrowser, Ihre IP-Adresse, Ihre Zeitzone und einige der auf Ihrem Ger\u00e4t installierten Cookies. Wenn Sie auf der Website surfen, sammeln wir au\u00dferdem Informationen \u00fcber die einzelnen Webseiten oder Produkte, die Sie sich ansehen, welche Websites oder Suchbegriffe Sie auf die Website verwiesen haben und wie Sie mit der Website interagieren. Wir bezeichnen diese automatisch gesammelten Informationen als &#8222;Ger\u00e4teinformationen&#8220;. Dar\u00fcber hinaus k\u00f6nnen wir die pers\u00f6nlichen Daten, die Sie uns bei der Registrierung zur Verf\u00fcgung stellen (einschlie\u00dflich, aber nicht beschr\u00e4nkt auf Name, Nachname, Adresse, Zahlungsinformationen usw.), sammeln, um den Vertrag erf\u00fcllen zu k\u00f6nnen. Warum verarbeiten wir Ihre Daten? Die Sicherheit der Kundendaten hat f\u00fcr [&hellip;]<\/p>\n","protected":false},"author":1,"featured_media":0,"parent":0,"menu_order":0,"comment_status":"closed","ping_status":"closed","template":"","meta":{"_et_pb_use_builder":"on","_et_pb_old_content":"","_et_gb_content_width":"","_monsterinsights_skip_tracking":false,"_monsterinsights_sitenote_active":false,"_monsterinsights_sitenote_note":"","_monsterinsights_sitenote_category":0,"footnotes":""},"class_list":["post-71987","page","type-page","status-publish","hentry"],"_links":{"self":[{"href":"https:\/\/floridahypno.com\/de\/wp-json\/wp\/v2\/pages\/71987","targetHints":{"allow":["GET"]}}],"collection":[{"href":"https:\/\/floridahypno.com\/de\/wp-json\/wp\/v2\/pages"}],"about":[{"href":"https:\/\/floridahypno.com\/de\/wp-json\/wp\/v2\/types\/page"}],"author":[{"embeddable":true,"href":"https:\/\/floridahypno.com\/de\/wp-json\/wp\/v2\/users\/1"}],"replies":[{"embeddable":true,"href":"https:\/\/floridahypno.com\/de\/wp-json\/wp\/v2\/comments?post=71987"}],"version-history":[{"count":4,"href":"https:\/\/floridahypno.com\/de\/wp-json\/wp\/v2\/pages\/71987\/revisions"}],"predecessor-version":[{"id":72135,"href":"https:\/\/floridahypno.com\/de\/wp-json\/wp\/v2\/pages\/71987\/revisions\/72135"}],"wp:attachment":[{"href":"https:\/\/floridahypno.com\/de\/wp-json\/wp\/v2\/media?parent=71987"}],"curies":[{"name":"wp","href":"https:\/\/api.w.org\/{rel}","templated":true}]}}